{"id":9335,"date":"2021-01-29T18:52:26","date_gmt":"2021-01-29T17:52:26","guid":{"rendered":"https:\/\/sulima.pl\/index.php\/returns\/"},"modified":"2024-02-22T09:45:11","modified_gmt":"2024-02-22T08:45:11","slug":"returns","status":"publish","type":"page","link":"https:\/\/en.sulima.eu\/index.php\/returns\/","title":{"rendered":"Returns"},"content":{"rendered":"[vc_row type=&#8221;in_container&#8221; full_screen_row_position=&#8221;middle&#8221; column_margin=&#8221;default&#8221; column_direction=&#8221;default&#8221; column_direction_tablet=&#8221;default&#8221; column_direction_phone=&#8221;default&#8221; scene_position=&#8221;center&#8221; top_padding=&#8221;2%&#8221; bottom_padding=&#8221;2%&#8221; text_color=&#8221;dark&#8221; text_align=&#8221;left&#8221; row_border_radius=&#8221;none&#8221; row_border_radius_applies=&#8221;bg&#8221; overlay_strength=&#8221;0.3&#8243; gradient_direction=&#8221;left_to_right&#8221; shape_divider_position=&#8221;bottom&#8221; bg_image_animation=&#8221;none&#8221; shape_type=&#8221;&#8221;][vc_column column_padding=&#8221;no-extra-padding&#8221; column_padding_tablet=&#8221;inherit&#8221; column_padding_phone=&#8221;inherit&#8221; column_padding_position=&#8221;all&#8221; background_color_opacity=&#8221;1&#8243; background_hover_color_opacity=&#8221;1&#8243; column_shadow=&#8221;none&#8221; column_border_radius=&#8221;none&#8221; column_link_target=&#8221;_self&#8221; gradient_direction=&#8221;left_to_right&#8221; overlay_strength=&#8221;0.3&#8243; width=&#8221;2\/3&#8243; tablet_width_inherit=&#8221;default&#8221; tablet_text_alignment=&#8221;default&#8221; phone_text_alignment=&#8221;default&#8221; column_border_width=&#8221;none&#8221; column_border_style=&#8221;solid&#8221; bg_image_animation=&#8221;none&#8221;]\n<div class=\"wpcf7 no-js\" id=\"wpcf7-f9525-o1\" lang=\"pl-PL\" dir=\"ltr\">\n<div class=\"screen-reader-response\"><p role=\"status\" aria-live=\"polite\" aria-atomic=\"true\"><\/p> <ul><\/ul><\/div>\n<form action=\"\/index.php\/wp-json\/wp\/v2\/pages\/9335#wpcf7-f9525-o1\" method=\"post\" class=\"wpcf7-form init\" aria-label=\"Formularz kontaktowy\" novalidate=\"novalidate\" data-status=\"init\">\n<div style=\"display: none;\">\n<input type=\"hidden\" name=\"_wpcf7\" value=\"9525\" \/>\n<input type=\"hidden\" name=\"_wpcf7_version\" value=\"5.9.7\" \/>\n<input type=\"hidden\" name=\"_wpcf7_locale\" value=\"pl_PL\" \/>\n<input type=\"hidden\" name=\"_wpcf7_unit_tag\" value=\"wpcf7-f9525-o1\" \/>\n<input type=\"hidden\" name=\"_wpcf7_container_post\" value=\"0\" \/>\n<input type=\"hidden\" name=\"_wpcf7_posted_data_hash\" value=\"\" \/>\n<\/div>\n<h4>Order information\n<\/h4>\n<p><span class=\"wpcf7-form-control-wrap\" data-name=\"imie\"><input size=\"40\" maxlength=\"400\" class=\"wpcf7-form-control wpcf7-text wpcf7-validates-as-required\" aria-required=\"true\" aria-invalid=\"false\" placeholder=\"First name*\" value=\"\" type=\"text\" name=\"imie\" \/><\/span><br \/>\n<span class=\"wpcf7-form-control-wrap\" data-name=\"nazwisko\"><input size=\"40\" maxlength=\"400\" class=\"wpcf7-form-control wpcf7-text wpcf7-validates-as-required\" aria-required=\"true\" aria-invalid=\"false\" placeholder=\"Last name*\" value=\"\" type=\"text\" name=\"nazwisko\" \/><\/span><br \/>\n<span class=\"wpcf7-form-control-wrap\" data-name=\"email-749\"><input size=\"40\" maxlength=\"400\" class=\"wpcf7-form-control wpcf7-email wpcf7-validates-as-required wpcf7-text wpcf7-validates-as-email\" aria-required=\"true\" aria-invalid=\"false\" placeholder=\"E-mail *\" value=\"\" type=\"email\" name=\"email-749\" \/><\/span><br \/>\n<span class=\"wpcf7-form-control-wrap\" data-name=\"tel-670\"><input size=\"40\" maxlength=\"400\" class=\"wpcf7-form-control wpcf7-tel wpcf7-validates-as-required wpcf7-text wpcf7-validates-as-tel\" aria-required=\"true\" aria-invalid=\"false\" placeholder=\"Numer telefonu *\" value=\"\" type=\"tel\" name=\"tel-670\" \/><\/span><br \/>\n<span class=\"wpcf7-form-control-wrap\" data-name=\"zamowienie\"><input size=\"40\" maxlength=\"400\" class=\"wpcf7-form-control wpcf7-text wpcf7-validates-as-required\" aria-required=\"true\" aria-invalid=\"false\" placeholder=\"Numer zam\u00f3wienia *\" value=\"\" type=\"text\" name=\"zamowienie\" \/><\/span><br \/>\nData zam\u00f3wienia *:<br \/>\n<span class=\"wpcf7-form-control-wrap\" data-name=\"date-631\"><input class=\"wpcf7-form-control wpcf7-date wpcf7-validates-as-required wpcf7-validates-as-date\" aria-required=\"true\" aria-invalid=\"false\" placeholder=\"Data zam\u00f3wienia *\" value=\"\" type=\"date\" name=\"date-631\" \/><\/span>\n<\/p>\n<h4>Informacje o produkcie & przyczyna zwrotu\n<\/h4>\n<p><span class=\"wpcf7-form-control-wrap\" data-name=\"nazwa\"><input size=\"40\" maxlength=\"400\" class=\"wpcf7-form-control wpcf7-text wpcf7-validates-as-required\" aria-required=\"true\" aria-invalid=\"false\" placeholder=\"Nazwa produktu *\" value=\"\" type=\"text\" name=\"nazwa\" \/><\/span><br \/>\n<span class=\"wpcf7-form-control-wrap\" data-name=\"kod\"><input size=\"40\" maxlength=\"400\" class=\"wpcf7-form-control wpcf7-text\" aria-invalid=\"false\" placeholder=\"Kod produktu\" value=\"\" type=\"text\" name=\"kod\" \/><\/span><br \/>\n<span class=\"wpcf7-form-control-wrap\" data-name=\"ilosc\"><input size=\"40\" maxlength=\"400\" class=\"wpcf7-form-control wpcf7-text wpcf7-validates-as-required\" aria-required=\"true\" aria-invalid=\"false\" placeholder=\"Ilo\u015b\u0107 *\" value=\"\" type=\"text\" name=\"ilosc\" \/><\/span><br \/>\nPow\u00f3d zwrotu *<br \/>\n<span class=\"wpcf7-form-control-wrap\" data-name=\"radio-814\"><span class=\"wpcf7-form-control wpcf7-radio\"><span class=\"wpcf7-list-item first\"><label><input type=\"radio\" name=\"radio-814\" value=\"Produkt uszkodzony\" checked=\"checked\" \/><span class=\"wpcf7-list-item-label\">Produkt uszkodzony<\/span><\/label><\/span><span class=\"wpcf7-list-item\"><label><input type=\"radio\" name=\"radio-814\" value=\"B\u0142\u0119dnie przys\u0142any produkt\" \/><span class=\"wpcf7-list-item-label\">B\u0142\u0119dnie przys\u0142any produkt<\/span><\/label><\/span><span class=\"wpcf7-list-item last\"><label><input type=\"radio\" name=\"radio-814\" value=\"Inne (prosz\u0119 opisa\u0107 poni\u017cej)\" \/><span class=\"wpcf7-list-item-label\">Inne (prosz\u0119 opisa\u0107 poni\u017cej)<\/span><\/label><\/span><\/span><\/span><br \/>\nProdukt zosta\u0142 otwarty *<br \/>\n<span class=\"wpcf7-form-control-wrap\" data-name=\"otwarty\"><span class=\"wpcf7-form-control wpcf7-radio\"><span class=\"wpcf7-list-item first\"><label><input type=\"radio\" name=\"otwarty\" value=\"Tak\" checked=\"checked\" \/><span class=\"wpcf7-list-item-label\">Tak<\/span><\/label><\/span><span class=\"wpcf7-list-item last\"><label><input type=\"radio\" name=\"otwarty\" value=\"Nie\" \/><span class=\"wpcf7-list-item-label\">Nie<\/span><\/label><\/span><\/span><\/span><br \/>\n<span class=\"wpcf7-form-control-wrap\" data-name=\"opis\"><textarea cols=\"40\" rows=\"10\" maxlength=\"2000\" class=\"wpcf7-form-control wpcf7-textarea\" aria-invalid=\"false\" placeholder=\"Opis uszkodzenia lub innego problemu ze zwracanym produktem\" name=\"opis\"><\/textarea><\/span>\n<\/p>\n<p><input class=\"wpcf7-form-control wpcf7-submit has-spinner\" type=\"submit\" value=\"Wy\u015blij\" \/>\n<\/p><div class=\"wpcf7-response-output\" aria-hidden=\"true\"><\/div>\n<\/form>\n<\/div>\n[\/vc_column][vc_column column_padding=&#8221;no-extra-padding&#8221; column_padding_tablet=&#8221;inherit&#8221; column_padding_phone=&#8221;inherit&#8221; column_padding_position=&#8221;all&#8221; background_color_opacity=&#8221;1&#8243; background_hover_color_opacity=&#8221;1&#8243; column_shadow=&#8221;none&#8221; column_border_radius=&#8221;none&#8221; column_link_target=&#8221;_self&#8221; gradient_direction=&#8221;left_to_right&#8221; overlay_strength=&#8221;0.3&#8243; width=&#8221;1\/3&#8243; tablet_width_inherit=&#8221;default&#8221; tablet_text_alignment=&#8221;default&#8221; phone_text_alignment=&#8221;default&#8221; column_border_width=&#8221;none&#8221; column_border_style=&#8221;solid&#8221; bg_image_animation=&#8221;none&#8221;][vc_widget_sidebar sidebar_id=&#8221;nectar-extra-sidebar&#8221;][\/vc_column][\/vc_row]\n","protected":false},"excerpt":{"rendered":"<p>[vc_row type=&#8221;in_container&#8221; full_screen_row_position=&#8221;middle&#8221; column_margin=&#8221;default&#8221; column_direction=&#8221;default&#8221; column_direction_tablet=&#8221;default&#8221; column_direction_phone=&#8221;default&#8221; scene_position=&#8221;center&#8221; top_padding=&#8221;2%&#8221; bottom_padding=&#8221;2%&#8221; text_color=&#8221;dark&#8221; text_align=&#8221;left&#8221; row_border_radius=&#8221;none&#8221; row_border_radius_applies=&#8221;bg&#8221; overlay_strength=&#8221;0.3&#8243; gradient_direction=&#8221;left_to_right&#8221; shape_divider_position=&#8221;bottom&#8221; bg_image_animation=&#8221;none&#8221; shape_type=&#8221;&#8221;][vc_column column_padding=&#8221;no-extra-padding&#8221; column_padding_tablet=&#8221;inherit&#8221; column_padding_phone=&#8221;inherit&#8221; column_padding_position=&#8221;all&#8221; background_color_opacity=&#8221;1&#8243; background_hover_color_opacity=&#8221;1&#8243;&#8230;<\/p>\n","protected":false},"author":1,"featured_media":0,"parent":0,"menu_order":0,"comment_status":"closed","ping_status":"closed","template":"","meta":{"footnotes":""},"yoast_head":"<!-- This site is optimized with the Yoast SEO plugin v23.6 - https:\/\/yoast.com\/wordpress\/plugins\/seo\/ -->\n<title>Returns - Sulima | Producent chemii dla domu i przemys\u0142u<\/title>\n<meta name=\"robots\" content=\"index, follow, max-snippet:-1, max-image-preview:large, max-video-preview:-1\" \/>\n<link rel=\"canonical\" href=\"https:\/\/en.sulima.eu\/index.php\/returns\/\" \/>\n<meta property=\"og:locale\" content=\"en_US\" \/>\n<meta property=\"og:type\" content=\"article\" \/>\n<meta property=\"og:title\" content=\"Returns - Sulima | Producent chemii dla domu i przemys\u0142u\" \/>\n<meta property=\"og:description\" content=\"[vc_row type=&#8221;in_container&#8221; full_screen_row_position=&#8221;middle&#8221; column_margin=&#8221;default&#8221; column_direction=&#8221;default&#8221; column_direction_tablet=&#8221;default&#8221; column_direction_phone=&#8221;default&#8221; scene_position=&#8221;center&#8221; top_padding=&#8221;2%&#8221; bottom_padding=&#8221;2%&#8221; text_color=&#8221;dark&#8221; text_align=&#8221;left&#8221; row_border_radius=&#8221;none&#8221; row_border_radius_applies=&#8221;bg&#8221; overlay_strength=&#8221;0.3&#8243; gradient_direction=&#8221;left_to_right&#8221; shape_divider_position=&#8221;bottom&#8221; bg_image_animation=&#8221;none&#8221; shape_type=&#8221;&#8221;][vc_column column_padding=&#8221;no-extra-padding&#8221; column_padding_tablet=&#8221;inherit&#8221; column_padding_phone=&#8221;inherit&#8221; column_padding_position=&#8221;all&#8221; background_color_opacity=&#8221;1&#8243; background_hover_color_opacity=&#8221;1&#8243;...\" \/>\n<meta property=\"og:url\" content=\"https:\/\/en.sulima.eu\/index.php\/returns\/\" \/>\n<meta property=\"og:site_name\" content=\"Sulima | Producent chemii dla domu i przemys\u0142u\" \/>\n<meta property=\"article:modified_time\" content=\"2024-02-22T08:45:11+00:00\" \/>\n<meta name=\"twitter:card\" content=\"summary_large_image\" \/>\n<meta name=\"twitter:label1\" content=\"Est. reading time\" \/>\n\t<meta name=\"twitter:data1\" content=\"1 minute\" \/>\n<script type=\"application\/ld+json\" class=\"yoast-schema-graph\">{\"@context\":\"https:\/\/schema.org\",\"@graph\":[{\"@type\":\"WebPage\",\"@id\":\"https:\/\/en.sulima.eu\/index.php\/returns\/\",\"url\":\"https:\/\/en.sulima.eu\/index.php\/returns\/\",\"name\":\"Returns - Sulima | Producent chemii dla domu i przemys\u0142u\",\"isPartOf\":{\"@id\":\"https:\/\/ru.sulima.eu\/#website\"},\"datePublished\":\"2021-01-29T17:52:26+00:00\",\"dateModified\":\"2024-02-22T08:45:11+00:00\",\"breadcrumb\":{\"@id\":\"https:\/\/en.sulima.eu\/index.php\/returns\/#breadcrumb\"},\"inLanguage\":\"en-US\",\"potentialAction\":[{\"@type\":\"ReadAction\",\"target\":[\"https:\/\/en.sulima.eu\/index.php\/returns\/\"]}]},{\"@type\":\"BreadcrumbList\",\"@id\":\"https:\/\/en.sulima.eu\/index.php\/returns\/#breadcrumb\",\"itemListElement\":[{\"@type\":\"ListItem\",\"position\":1,\"name\":\"Strona g\u0142\u00f3wna\",\"item\":\"https:\/\/en.sulima.eu\/\"},{\"@type\":\"ListItem\",\"position\":2,\"name\":\"Returns\"}]},{\"@type\":\"WebSite\",\"@id\":\"https:\/\/ru.sulima.eu\/#website\",\"url\":\"https:\/\/ru.sulima.eu\/\",\"name\":\"Sulima | Producent chemii dla domu i przemys\u0142u\",\"description\":\"pasty \u017cele do mycia r\u0105k p\u0142yny koncentraty myj\u0105ce \u015brodki chemiczne\",\"potentialAction\":[{\"@type\":\"SearchAction\",\"target\":{\"@type\":\"EntryPoint\",\"urlTemplate\":\"https:\/\/ru.sulima.eu\/?s={search_term_string}\"},\"query-input\":{\"@type\":\"PropertyValueSpecification\",\"valueRequired\":true,\"valueName\":\"search_term_string\"}}],\"inLanguage\":\"en-US\"}]}<\/script>\n<!-- \/ Yoast SEO plugin. -->","yoast_head_json":{"title":"Returns - Sulima | Producent chemii dla domu i przemys\u0142u","robots":{"index":"index","follow":"follow","max-snippet":"max-snippet:-1","max-image-preview":"max-image-preview:large","max-video-preview":"max-video-preview:-1"},"canonical":"https:\/\/en.sulima.eu\/index.php\/returns\/","og_locale":"en_US","og_type":"article","og_title":"Returns - Sulima | Producent chemii dla domu i przemys\u0142u","og_description":"[vc_row type=&#8221;in_container&#8221; full_screen_row_position=&#8221;middle&#8221; column_margin=&#8221;default&#8221; column_direction=&#8221;default&#8221; column_direction_tablet=&#8221;default&#8221; column_direction_phone=&#8221;default&#8221; scene_position=&#8221;center&#8221; top_padding=&#8221;2%&#8221; bottom_padding=&#8221;2%&#8221; text_color=&#8221;dark&#8221; text_align=&#8221;left&#8221; row_border_radius=&#8221;none&#8221; row_border_radius_applies=&#8221;bg&#8221; overlay_strength=&#8221;0.3&#8243; gradient_direction=&#8221;left_to_right&#8221; shape_divider_position=&#8221;bottom&#8221; bg_image_animation=&#8221;none&#8221; shape_type=&#8221;&#8221;][vc_column column_padding=&#8221;no-extra-padding&#8221; column_padding_tablet=&#8221;inherit&#8221; column_padding_phone=&#8221;inherit&#8221; column_padding_position=&#8221;all&#8221; background_color_opacity=&#8221;1&#8243; background_hover_color_opacity=&#8221;1&#8243;...","og_url":"https:\/\/en.sulima.eu\/index.php\/returns\/","og_site_name":"Sulima | Producent chemii dla domu i przemys\u0142u","article_modified_time":"2024-02-22T08:45:11+00:00","twitter_card":"summary_large_image","twitter_misc":{"Est. reading time":"1 minute"},"schema":{"@context":"https:\/\/schema.org","@graph":[{"@type":"WebPage","@id":"https:\/\/en.sulima.eu\/index.php\/returns\/","url":"https:\/\/en.sulima.eu\/index.php\/returns\/","name":"Returns - Sulima | Producent chemii dla domu i przemys\u0142u","isPartOf":{"@id":"https:\/\/ru.sulima.eu\/#website"},"datePublished":"2021-01-29T17:52:26+00:00","dateModified":"2024-02-22T08:45:11+00:00","breadcrumb":{"@id":"https:\/\/en.sulima.eu\/index.php\/returns\/#breadcrumb"},"inLanguage":"en-US","potentialAction":[{"@type":"ReadAction","target":["https:\/\/en.sulima.eu\/index.php\/returns\/"]}]},{"@type":"BreadcrumbList","@id":"https:\/\/en.sulima.eu\/index.php\/returns\/#breadcrumb","itemListElement":[{"@type":"ListItem","position":1,"name":"Strona g\u0142\u00f3wna","item":"https:\/\/en.sulima.eu\/"},{"@type":"ListItem","position":2,"name":"Returns"}]},{"@type":"WebSite","@id":"https:\/\/ru.sulima.eu\/#website","url":"https:\/\/ru.sulima.eu\/","name":"Sulima | Producent chemii dla domu i przemys\u0142u","description":"pasty \u017cele do mycia r\u0105k p\u0142yny koncentraty myj\u0105ce \u015brodki chemiczne","potentialAction":[{"@type":"SearchAction","target":{"@type":"EntryPoint","urlTemplate":"https:\/\/ru.sulima.eu\/?s={search_term_string}"},"query-input":{"@type":"PropertyValueSpecification","valueRequired":true,"valueName":"search_term_string"}}],"inLanguage":"en-US"}]}},"_links":{"self":[{"href":"https:\/\/en.sulima.eu\/index.php\/wp-json\/wp\/v2\/pages\/9335"}],"collection":[{"href":"https:\/\/en.sulima.eu\/index.php\/wp-json\/wp\/v2\/pages"}],"about":[{"href":"https:\/\/en.sulima.eu\/index.php\/wp-json\/wp\/v2\/types\/page"}],"author":[{"embeddable":true,"href":"https:\/\/en.sulima.eu\/index.php\/wp-json\/wp\/v2\/users\/1"}],"replies":[{"embeddable":true,"href":"https:\/\/en.sulima.eu\/index.php\/wp-json\/wp\/v2\/comments?post=9335"}],"version-history":[{"count":0,"href":"https:\/\/en.sulima.eu\/index.php\/wp-json\/wp\/v2\/pages\/9335\/revisions"}],"wp:attachment":[{"href":"https:\/\/en.sulima.eu\/index.php\/wp-json\/wp\/v2\/media?parent=9335"}],"curies":[{"name":"wp","href":"https:\/\/api.w.org\/{rel}","templated":true}]}}